{"id":5101,"date":"2019-08-23T18:37:32","date_gmt":"2019-08-23T18:37:32","guid":{"rendered":"https:\/\/www.autoctonceller.com\/autocton-blanc\/"},"modified":"2025-02-21T12:41:23","modified_gmt":"2025-02-21T11:41:23","slug":"autocton-white","status":"publish","type":"page","link":"https:\/\/www.autoctonceller.com\/en\/wines\/autocton-white\/","title":{"rendered":"Aut\u00f2cton white"},"content":{"rendered":"<div id=\"pl-5101\"  class=\"panel-layout\" ><div id=\"pg-5101-0\"  class=\"panel-grid panel-has-style\" ><div class=\"siteorigin-panels-stretch panel-row-style panel-row-style-for-5101-0\" data-stretch-type=\"full\" ><div id=\"pgc-5101-0-0\"  class=\"panel-grid-cell\" ><div id=\"panel-5101-0-0-0\" class=\"so-panel widget widget_sow-image panel-first-child panel-last-child\" data-index=\"0\" ><div class=\"panel-widget-style panel-widget-style-for-5101-0-0-0\" ><div\n\t\t\t\n\t\t\tclass=\"so-widget-sow-image so-widget-sow-image-default-b4513c7b55bb-5101\"\n\t\t\t\n\t\t>\n<div class=\"sow-image-container\">\n\t\t<img \n\tsrc=\"https:\/\/www.autoctonceller.com\/wp-content\/uploads\/2020\/05\/autocton_blanc_portada.png\" width=\"1113\" height=\"3096\" srcset=\"https:\/\/www.autoctonceller.com\/wp-content\/uploads\/2020\/05\/autocton_blanc_portada.png 1113w, https:\/\/www.autoctonceller.com\/wp-content\/uploads\/2020\/05\/autocton_blanc_portada-108x300.png 108w, https:\/\/www.autoctonceller.com\/wp-content\/uploads\/2020\/05\/autocton_blanc_portada-368x1024.png 368w, https:\/\/www.autoctonceller.com\/wp-content\/uploads\/2020\/05\/autocton_blanc_portada-768x2136.png 768w, https:\/\/www.autoctonceller.com\/wp-content\/uploads\/2020\/05\/autocton_blanc_portada-552x1536.png 552w, https:\/\/www.autoctonceller.com\/wp-content\/uploads\/2020\/05\/autocton_blanc_portada-736x2048.png 736w\" sizes=\"(max-width: 1113px) 100vw, 1113px\" alt=\"\" \t\tclass=\"so-widget-image\"\/>\n\t<\/div>\n\n<\/div><\/div><\/div><\/div><div id=\"pgc-5101-0-1\"  class=\"panel-grid-cell\" ><div id=\"panel-5101-0-1-0\" class=\"so-panel widget widget_sow-editor panel-first-child\" data-index=\"1\" ><div class=\"hk panel-widget-style panel-widget-style-for-5101-0-1-0\" ><div\n\t\t\t\n\t\t\tclass=\"so-widget-sow-editor so-widget-sow-editor-base\"\n\t\t\t\n\t\t>\n<div class=\"siteorigin-widget-tinymce textwidget\">\n\t<h4><span>WINES<\/span><\/h4>\n<\/div>\n<\/div><\/div><\/div><div id=\"panel-5101-0-1-1\" class=\"so-panel widget widget_sow-editor\" data-index=\"2\" ><div class=\"panel-widget-style panel-widget-style-for-5101-0-1-1\" ><div\n\t\t\t\n\t\t\tclass=\"so-widget-sow-editor so-widget-sow-editor-base\"\n\t\t\t\n\t\t>\n<div class=\"siteorigin-widget-tinymce textwidget\">\n\t<h1 style=\"text-align: left; font-family: 'Playfair Display',serif;\"><span style=\"color: #A3781A; font-size: 70px; font-weight:700;\"><strong>Aut\u00f2cton white<\/strong><\/span><\/h1>\n<\/div>\n<\/div><\/div><\/div><div id=\"panel-5101-0-1-2\" class=\"so-panel widget widget_sow-editor\" data-index=\"3\" ><div class=\"hk panel-widget-style panel-widget-style-for-5101-0-1-2\" ><div\n\t\t\t\n\t\t\tclass=\"so-widget-sow-editor so-widget-sow-editor-base\"\n\t\t\t\n\t\t>\n<div class=\"siteorigin-widget-tinymce textwidget\">\n\t<h5><span style=\"color: #000000;\">NATIVE VINES OF XAREL\u00b7LO<\/span><\/h5>\n<\/div>\n<\/div><\/div><\/div><div id=\"panel-5101-0-1-3\" class=\"so-panel widget widget_sow-editor\" data-index=\"4\" ><div class=\"hk panel-widget-style panel-widget-style-for-5101-0-1-3\" ><div\n\t\t\t\n\t\t\tclass=\"so-widget-sow-editor so-widget-sow-editor-base\"\n\t\t\t\n\t\t>\n<div class=\"siteorigin-widget-tinymce textwidget\">\n\t<p><span style=\"color: #000000;\"><strong>Varieties<\/strong>: Very old native vines of 100% Xarel\u00b7lo.<\/span><\/p>\n<p><span style=\"color: #000000;\"><strong>Terrain<\/strong>: The vines are located on very poor clay and some calcareous soils at an altitude of between 300 and 500 metres. Terrain of the Tarragona region in the Baix Pened\u00e8s and Alt Camp counties. They are all vines from the province of Tarragona that originate from the Baix Pened\u00e8s and Alt Camp, so it is a wine variety without a DO status, a wine made from the vines close to the farmhouse. <\/span><\/p>\n<p><span style=\"color: #000000;\"><strong>Ageing<\/strong>: Produced, fermented and aged over 10 months with 20% of the wine in large, 300 and 400 litre French oak casks and the other in stainless steel tanks on its lees with b\u00e2tonnage, a stirring of the lees, each week.<\/span><\/p>\n<p><span style=\"color: #000000;\"><strong>Organic wine<\/strong>:\u00a0 Starting from the 2019 vintage.<\/span><\/p>\n<\/div>\n<\/div><\/div><\/div><div id=\"panel-5101-0-1-4\" class=\"so-panel widget widget_sow-editor\" data-index=\"5\" ><div class=\"panel-widget-style panel-widget-style-for-5101-0-1-4\" ><div\n\t\t\t\n\t\t\tclass=\"so-widget-sow-editor so-widget-sow-editor-base\"\n\t\t\t\n\t\t>\n<div class=\"siteorigin-widget-tinymce textwidget\">\n\t<h2><span style=\"color: #000000; font-size: 55px; font-family: 'Playfair Display';\">Old vines close to the farmhouse<\/span><\/h2>\n<\/div>\n<\/div><\/div><\/div><div id=\"panel-5101-0-1-5\" class=\"so-panel widget widget_sow-editor\" data-index=\"6\" ><div class=\"hk panel-widget-style panel-widget-style-for-5101-0-1-5\" ><div\n\t\t\t\n\t\t\tclass=\"so-widget-sow-editor so-widget-sow-editor-base\"\n\t\t\t\n\t\t>\n<div class=\"siteorigin-widget-tinymce textwidget\">\n\t<h4><span style=\"color: #A3781A;\">AWARDS<\/span><\/h4>\n<\/div>\n<\/div><\/div><\/div><div id=\"panel-5101-0-1-6\" class=\"so-panel widget widget_sow-editor\" data-index=\"7\" ><div class=\"hk panel-widget-style panel-widget-style-for-5101-0-1-6\" ><div\n\t\t\t\n\t\t\tclass=\"so-widget-sow-editor so-widget-sow-editor-base\"\n\t\t\t\n\t\t>\n<div class=\"siteorigin-widget-tinymce textwidget\">\n\t<p><span style=\"color: #A3781A;\"><strong>Ratings of the vintages<\/strong><\/span><\/p>\n<\/div>\n<\/div><\/div><\/div><div id=\"panel-5101-0-1-7\" class=\"so-panel widget widget_sow-tabs\" data-index=\"8\" ><div class=\"panel-widget-style panel-widget-style-for-5101-0-1-7\" ><div\n\t\t\t\n\t\t\tclass=\"so-widget-sow-tabs so-widget-sow-tabs-default-334c8536d3e5-5101\"\n\t\t\t\n\t\t><div class=\"sow-tabs\">\n\t<div class=\"sow-tabs-tab-container\" role=\"tablist\">\n\t\t\t<div\n\t\t\tclass=\"sow-tabs-tab\n\t\t\t sow-tabs-tab-selected\t\t\t\"\n\t\t\trole=\"tab\"\n\t\t\tdata-anchor-id=\"2021\"\n\t\t\taria-selected=\"true\"\n\t\t\ttabindex=\"0\"\n\t\t>\n\t\t\t<div class=\"sow-tabs-title sow-tabs-title-icon-left\">\n\t\t\t\t\t\t\t\t2021\t\t\t\t\t\t\t<\/div>\n\t\t<\/div>\n\t\t\t<div\n\t\t\tclass=\"sow-tabs-tab\n\t\t\t\t\t\t\"\n\t\t\trole=\"tab\"\n\t\t\tdata-anchor-id=\"2020\"\n\t\t\taria-selected=\"false\"\n\t\t\ttabindex=\"0\"\n\t\t>\n\t\t\t<div class=\"sow-tabs-title sow-tabs-title-icon-left\">\n\t\t\t\t\t\t\t\t2020\t\t\t\t\t\t\t<\/div>\n\t\t<\/div>\n\t\t\t<div\n\t\t\tclass=\"sow-tabs-tab\n\t\t\t\t\t\t\"\n\t\t\trole=\"tab\"\n\t\t\tdata-anchor-id=\"2019\"\n\t\t\taria-selected=\"false\"\n\t\t\ttabindex=\"0\"\n\t\t>\n\t\t\t<div class=\"sow-tabs-title sow-tabs-title-icon-left\">\n\t\t\t\t\t\t\t\t2019\t\t\t\t\t\t\t<\/div>\n\t\t<\/div>\n\t\t\t<div\n\t\t\tclass=\"sow-tabs-tab\n\t\t\t\t\t\t\"\n\t\t\trole=\"tab\"\n\t\t\tdata-anchor-id=\"2017\"\n\t\t\taria-selected=\"false\"\n\t\t\ttabindex=\"0\"\n\t\t>\n\t\t\t<div class=\"sow-tabs-title sow-tabs-title-icon-left\">\n\t\t\t\t\t\t\t\t2017\t\t\t\t\t\t\t<\/div>\n\t\t<\/div>\n\t\t\t<div\n\t\t\tclass=\"sow-tabs-tab\n\t\t\t\t\t\t\"\n\t\t\trole=\"tab\"\n\t\t\tdata-anchor-id=\"2016\"\n\t\t\taria-selected=\"false\"\n\t\t\ttabindex=\"0\"\n\t\t>\n\t\t\t<div class=\"sow-tabs-title sow-tabs-title-icon-left\">\n\t\t\t\t\t\t\t\t2016\t\t\t\t\t\t\t<\/div>\n\t\t<\/div>\n\t\t\t<div\n\t\t\tclass=\"sow-tabs-tab\n\t\t\t\t\t\t\"\n\t\t\trole=\"tab\"\n\t\t\tdata-anchor-id=\"2015\"\n\t\t\taria-selected=\"false\"\n\t\t\ttabindex=\"0\"\n\t\t>\n\t\t\t<div class=\"sow-tabs-title sow-tabs-title-icon-left\">\n\t\t\t\t\t\t\t\t2015\t\t\t\t\t\t\t<\/div>\n\t\t<\/div>\n\t\t<\/div>\n\n\t<div class=\"sow-tabs-panel-container\">\n\t\t\t<div class=\"sow-tabs-panel\">\n\t\t\t<div\n\t\t\t\tclass=\"sow-tabs-panel-content\"\n\t\t\t\trole=\"tabpanel\"\n\t\t\t\taria-hidden=\"false\"\n\t\t\t>\n\t\t\t\t<p>93\/100 points Gu\u00eda Pe\u00f1\u00edn 2023<br \/>\n91\/100 points Gu\u00eda Pe\u00f1\u00edn 2025<br \/>\n91\/100 points Tim Atkin Catalunya Special Report 2025<\/p>\n\t\t\t<\/div>\n\t\t<\/div>\n\t\t\t<div class=\"sow-tabs-panel\">\n\t\t\t<div\n\t\t\t\tclass=\"sow-tabs-panel-content\"\n\t\t\t\trole=\"tabpanel\"\n\t\t\t\taria-hidden=\"true\"\n\t\t\t>\n\t\t\t\t<p>90\/100 points Wine Advocate 2022 (Robert Parker)<br \/>\n90\/100 points Tim Atkin and Fintan Kerr Catalunya Special Report 2024<br \/>\n90\/100 points Gu\u00eda Pe\u00f1\u00edn 2023<\/p>\n\t\t\t<\/div>\n\t\t<\/div>\n\t\t\t<div class=\"sow-tabs-panel\">\n\t\t\t<div\n\t\t\t\tclass=\"sow-tabs-panel-content\"\n\t\t\t\trole=\"tabpanel\"\n\t\t\t\taria-hidden=\"true\"\n\t\t\t>\n\t\t\t\t<p>91\/100 points Gu\u00eda Pe\u00f1\u00edn 2022<\/p>\n<p>90\/100 points Gu\u00eda de Vinos Gourmets 2022<\/p>\n\t\t\t<\/div>\n\t\t<\/div>\n\t\t\t<div class=\"sow-tabs-panel\">\n\t\t\t<div\n\t\t\t\tclass=\"sow-tabs-panel-content\"\n\t\t\t\trole=\"tabpanel\"\n\t\t\t\taria-hidden=\"true\"\n\t\t\t>\n\t\t\t\t<p>93\/100 points The Gourmets Wine Guide 2020<\/p>\n<p>90\/100 points Pe\u00f1\u00edn Guide 2019<\/p>\n<p>92\/100 points Pe\u00f1\u00edn Guide 2020<\/p>\n<p>91\/100 points Pe\u00f1\u00edn Guide 2021<\/p>\n\t\t\t<\/div>\n\t\t<\/div>\n\t\t\t<div class=\"sow-tabs-panel\">\n\t\t\t<div\n\t\t\t\tclass=\"sow-tabs-panel-content\"\n\t\t\t\trole=\"tabpanel\"\n\t\t\t\taria-hidden=\"true\"\n\t\t\t>\n\t\t\t\t<p>92\/100 points Pe\u00f1\u00edn Guide 2019<\/p>\n<p>91\/100 points Pe\u00f1\u00edn Guide 2018<\/p>\n<p>9.43\/100 points The Wine Guide of Catalonia 2018<\/p>\n\t\t\t<\/div>\n\t\t<\/div>\n\t\t\t<div class=\"sow-tabs-panel\">\n\t\t\t<div\n\t\t\t\tclass=\"sow-tabs-panel-content\"\n\t\t\t\trole=\"tabpanel\"\n\t\t\t\taria-hidden=\"true\"\n\t\t\t>\n\t\t\t\t<p>89\/100 points Robert Parker 2016<\/p>\n<p>90\/100 points Wine Spectator 2017<\/p>\n<p>91\/100 points Pe\u00f1\u00edn Guide 2018<\/p>\n<p>91\/100 points Pe\u00f1\u00edn Guide 2019<\/p>\n<p>Llu\u00eds Romero in Grans Vins at low prices 2018<\/p>\n\t\t\t<\/div>\n\t\t<\/div>\n\t\t<\/div>\n<\/div>\n<\/div><\/div><\/div><div id=\"panel-5101-0-1-8\" class=\"so-panel widget widget_sow-editor panel-last-child\" data-index=\"9\" ><div class=\"hk panel-widget-style panel-widget-style-for-5101-0-1-8\" ><div\n\t\t\t\n\t\t\tclass=\"so-widget-sow-editor so-widget-sow-editor-base\"\n\t\t\t\n\t\t>\n<div class=\"siteorigin-widget-tinymce textwidget\">\n\t<p><a href=\"https:\/\/www.autoctonceller.com\/wp-content\/uploads\/2025\/02\/AUTOCTON-BLANC-2021-ECO_EN.pdf\"><span style=\"color: #a3781a;\"><strong>Download information and awards in PDF format<\/strong><\/span><img loading=\"lazy\" decoding=\"async\" class=\"alignnone wp-image-412\" src=\"https:\/\/www.autoctonceller.com\/wp-content\/uploads\/2020\/04\/fletxa-1.png\" alt=\"\" width=\"22\" height=\"25\" \/><\/a><\/p>\n<\/div>\n<\/div><\/div><\/div><\/div><\/div><\/div><div id=\"pg-5101-1\"  class=\"panel-grid panel-has-style\" ><div class=\"siteorigin-panels-stretch panel-row-style panel-row-style-for-5101-1\" data-stretch-type=\"full\" ><div id=\"pgc-5101-1-0\"  class=\"panel-grid-cell panel-grid-cell-empty\" ><\/div><div id=\"pgc-5101-1-1\"  class=\"panel-grid-cell\" ><div id=\"panel-5101-1-1-0\" class=\"so-panel widget widget_sow-editor panel-first-child panel-last-child\" data-index=\"10\" ><div class=\"playfair panel-widget-style panel-widget-style-for-5101-1-1-0\" ><div\n\t\t\t\n\t\t\tclass=\"so-widget-sow-editor so-widget-sow-editor-base\"\n\t\t\t\n\t\t>\n<div class=\"siteorigin-widget-tinymce textwidget\">\n\t<div style=\"padding-top: 40px; text-align: right;\">\n<p><img decoding=\"async\" style=\"width: 50px; text-align: right;\" src=\"https:\/\/www.autoctonceller.com\/wp-content\/uploads\/2020\/04\/fletxa-esquerra-blanca.png\" \/><span class=\"vi-menu\" style=\"margin-left: 30px; color: #fff;\">Previous<\/span><\/p>\n<p><a href=\"https:\/\/www.autoctonceller.com\/en\/wines\/gran-autocton-red\/\" style=\"color: #fff;\"><span style=\"font-size: 18px; text-align: right; padding-top:40px;\">Gran Aut\u00f2cton red<\/span><\/a><\/p>\n<\/div>\n<\/div>\n<\/div><\/div><\/div><\/div><div id=\"pgc-5101-1-2\"  class=\"panel-grid-cell panel-grid-cell-mobile-last\" ><div id=\"panel-5101-1-2-0\" class=\"so-panel widget widget_sow-editor panel-first-child panel-last-child\" data-index=\"11\" ><div class=\"playfair panel-widget-style panel-widget-style-for-5101-1-2-0\" ><div\n\t\t\t\n\t\t\tclass=\"so-widget-sow-editor so-widget-sow-editor-base\"\n\t\t\t\n\t\t>\n<div class=\"siteorigin-widget-tinymce textwidget\">\n\t<div style=\"padding-top: 40px; text-align: left;\">\n<p><span class=\"vi-menu\" style=\"margin-right: 30px; color: #fff;\">Next<\/span><img decoding=\"async\" style=\"width: 50px;\" src=\"https:\/\/www.autoctonceller.com\/wp-content\/uploads\/2020\/04\/fletxa-dreta-blanca.png\" \/><\/p>\n<p><a href=\"https:\/\/www.autoctonceller.com\/en\/wines\/gran-autocton-white\/\" style=\"color: #fff;\"><span style=\"font-size: 18px; padding-top:40px;\">Gran Aut\u00f2cton white<\/span><\/a><\/p>\n<\/div>\n<\/div>\n<\/div><\/div><\/div><\/div><div id=\"pgc-5101-1-3\"  class=\"panel-grid-cell panel-grid-cell-empty\" ><\/div><\/div><\/div><\/div>","protected":false},"excerpt":{"rendered":"<p>WINES Aut\u00f2cton white NATIVE VINES OF XAREL\u00b7LO Varieties: Very old native vines of 100% Xarel\u00b7lo. Terrain: The vines are located on very poor clay and some calcareous soils at an altitude of between 300 and 500 metres. Terrain of the Tarragona region in the Baix Pened\u00e8s and Alt Camp counties. They are all vines from [&#8230;]<\/p>\n<p><a class=\"btn btn-secondary understrap-read-more-link\" href=\"https:\/\/www.autoctonceller.com\/en\/wines\/autocton-white\/\">Read More&#8230;<\/a><\/p>\n","protected":false},"author":2,"featured_media":0,"parent":5102,"menu_order":0,"comment_status":"closed","ping_status":"closed","template":"page-templates\/fullwidthpage.php","meta":{"footnotes":""},"class_list":["post-5101","page","type-page","status-publish","hentry"],"yoast_head":"<!-- This site is optimized with the Yoast SEO plugin v27.3 - https:\/\/yoast.com\/product\/yoast-seo-wordpress\/ -->\n<title>Aut\u00f2cton white - Aut\u00f2cton Celler<\/title>\n<meta name=\"description\" content=\"Aut\u00f2cton Blanc \u00e9s un dels vins que es produeix a Aut\u00f2cton Celler amb les vinyes velles properes a la masia totes provinents de les comarques tarragonines\" \/>\n<meta name=\"robots\" content=\"index, follow, max-snippet:-1, max-image-preview:large, max-video-preview:-1\" \/>\n<link rel=\"canonical\" href=\"https:\/\/www.autoctonceller.com\/en\/wines\/autocton-white\/\" \/>\n<meta property=\"og:locale\" content=\"en_US\" \/>\n<meta property=\"og:type\" content=\"article\" \/>\n<meta property=\"og:title\" content=\"Aut\u00f2cton white - Aut\u00f2cton Celler\" \/>\n<meta property=\"og:description\" content=\"Aut\u00f2cton Blanc \u00e9s un dels vins que es produeix a Aut\u00f2cton Celler amb les vinyes velles properes a la masia totes provinents de les comarques tarragonines\" \/>\n<meta property=\"og:url\" content=\"https:\/\/www.autoctonceller.com\/en\/wines\/autocton-white\/\" \/>\n<meta property=\"og:site_name\" content=\"Aut\u00f2cton Celler\" \/>\n<meta property=\"article:modified_time\" content=\"2025-02-21T11:41:23+00:00\" \/>\n<meta property=\"og:image\" content=\"https:\/\/www.autoctonceller.com\/wp-content\/uploads\/2020\/04\/fletxa-1.png\" \/>\n<meta name=\"twitter:card\" content=\"summary_large_image\" \/>\n<meta name=\"twitter:label1\" content=\"Est. reading time\" \/>\n\t<meta name=\"twitter:data1\" content=\"2 minutes\" \/>\n<script type=\"application\/ld+json\" class=\"yoast-schema-graph\">{\"@context\":\"https:\\\/\\\/schema.org\",\"@graph\":[{\"@type\":\"WebPage\",\"@id\":\"https:\\\/\\\/www.autoctonceller.com\\\/en\\\/wines\\\/autocton-white\\\/\",\"url\":\"https:\\\/\\\/www.autoctonceller.com\\\/en\\\/wines\\\/autocton-white\\\/\",\"name\":\"Aut\u00f2cton white - Aut\u00f2cton Celler\",\"isPartOf\":{\"@id\":\"https:\\\/\\\/www.autoctonceller.com\\\/#website\"},\"primaryImageOfPage\":{\"@id\":\"https:\\\/\\\/www.autoctonceller.com\\\/en\\\/wines\\\/autocton-white\\\/#primaryimage\"},\"image\":{\"@id\":\"https:\\\/\\\/www.autoctonceller.com\\\/en\\\/wines\\\/autocton-white\\\/#primaryimage\"},\"thumbnailUrl\":\"https:\\\/\\\/www.autoctonceller.com\\\/wp-content\\\/uploads\\\/2020\\\/04\\\/fletxa-1.png\",\"datePublished\":\"2019-08-23T18:37:32+00:00\",\"dateModified\":\"2025-02-21T11:41:23+00:00\",\"description\":\"Aut\u00f2cton Blanc \u00e9s un dels vins que es produeix a Aut\u00f2cton Celler amb les vinyes velles properes a la masia totes provinents de les comarques tarragonines\",\"breadcrumb\":{\"@id\":\"https:\\\/\\\/www.autoctonceller.com\\\/en\\\/wines\\\/autocton-white\\\/#breadcrumb\"},\"inLanguage\":\"en-US\",\"potentialAction\":[{\"@type\":\"ReadAction\",\"target\":[\"https:\\\/\\\/www.autoctonceller.com\\\/en\\\/wines\\\/autocton-white\\\/\"]}]},{\"@type\":\"ImageObject\",\"inLanguage\":\"en-US\",\"@id\":\"https:\\\/\\\/www.autoctonceller.com\\\/en\\\/wines\\\/autocton-white\\\/#primaryimage\",\"url\":\"https:\\\/\\\/www.autoctonceller.com\\\/wp-content\\\/uploads\\\/2020\\\/04\\\/fletxa-1.png\",\"contentUrl\":\"https:\\\/\\\/www.autoctonceller.com\\\/wp-content\\\/uploads\\\/2020\\\/04\\\/fletxa-1.png\"},{\"@type\":\"BreadcrumbList\",\"@id\":\"https:\\\/\\\/www.autoctonceller.com\\\/en\\\/wines\\\/autocton-white\\\/#breadcrumb\",\"itemListElement\":[{\"@type\":\"ListItem\",\"position\":1,\"name\":\"Portada\",\"item\":\"https:\\\/\\\/www.autoctonceller.com\\\/en\\\/\"},{\"@type\":\"ListItem\",\"position\":2,\"name\":\"Wines\",\"item\":\"https:\\\/\\\/www.autoctonceller.com\\\/en\\\/wines\\\/\"},{\"@type\":\"ListItem\",\"position\":3,\"name\":\"Aut\u00f2cton white\"}]},{\"@type\":\"WebSite\",\"@id\":\"https:\\\/\\\/www.autoctonceller.com\\\/#website\",\"url\":\"https:\\\/\\\/www.autoctonceller.com\\\/\",\"name\":\"Aut\u00f2cton Celler\",\"description\":\"El retorn\",\"publisher\":{\"@id\":\"https:\\\/\\\/www.autoctonceller.com\\\/#organization\"},\"potentialAction\":[{\"@type\":\"SearchAction\",\"target\":{\"@type\":\"EntryPoint\",\"urlTemplate\":\"https:\\\/\\\/www.autoctonceller.com\\\/?s={search_term_string}\"},\"query-input\":{\"@type\":\"PropertyValueSpecification\",\"valueRequired\":true,\"valueName\":\"search_term_string\"}}],\"inLanguage\":\"en-US\"},{\"@type\":\"Organization\",\"@id\":\"https:\\\/\\\/www.autoctonceller.com\\\/#organization\",\"name\":\"Aut\u00f2cton Celler\",\"url\":\"https:\\\/\\\/www.autoctonceller.com\\\/\",\"logo\":{\"@type\":\"ImageObject\",\"inLanguage\":\"en-US\",\"@id\":\"https:\\\/\\\/www.autoctonceller.com\\\/#\\\/schema\\\/logo\\\/image\\\/\",\"url\":\"https:\\\/\\\/www.autoctonceller.com\\\/wp-content\\\/uploads\\\/2019\\\/08\\\/autocton.png\",\"contentUrl\":\"https:\\\/\\\/www.autoctonceller.com\\\/wp-content\\\/uploads\\\/2019\\\/08\\\/autocton.png\",\"width\":137,\"height\":73,\"caption\":\"Aut\u00f2cton Celler\"},\"image\":{\"@id\":\"https:\\\/\\\/www.autoctonceller.com\\\/#\\\/schema\\\/logo\\\/image\\\/\"}}]}<\/script>\n<!-- \/ Yoast SEO plugin. -->","yoast_head_json":{"title":"Aut\u00f2cton white - Aut\u00f2cton Celler","description":"Aut\u00f2cton Blanc \u00e9s un dels vins que es produeix a Aut\u00f2cton Celler amb les vinyes velles properes a la masia totes provinents de les comarques tarragonines","robots":{"index":"index","follow":"follow","max-snippet":"max-snippet:-1","max-image-preview":"max-image-preview:large","max-video-preview":"max-video-preview:-1"},"canonical":"https:\/\/www.autoctonceller.com\/en\/wines\/autocton-white\/","og_locale":"en_US","og_type":"article","og_title":"Aut\u00f2cton white - Aut\u00f2cton Celler","og_description":"Aut\u00f2cton Blanc \u00e9s un dels vins que es produeix a Aut\u00f2cton Celler amb les vinyes velles properes a la masia totes provinents de les comarques tarragonines","og_url":"https:\/\/www.autoctonceller.com\/en\/wines\/autocton-white\/","og_site_name":"Aut\u00f2cton Celler","article_modified_time":"2025-02-21T11:41:23+00:00","og_image":[{"url":"https:\/\/www.autoctonceller.com\/wp-content\/uploads\/2020\/04\/fletxa-1.png","type":"","width":"","height":""}],"twitter_card":"summary_large_image","twitter_misc":{"Est. reading time":"2 minutes"},"schema":{"@context":"https:\/\/schema.org","@graph":[{"@type":"WebPage","@id":"https:\/\/www.autoctonceller.com\/en\/wines\/autocton-white\/","url":"https:\/\/www.autoctonceller.com\/en\/wines\/autocton-white\/","name":"Aut\u00f2cton white - Aut\u00f2cton Celler","isPartOf":{"@id":"https:\/\/www.autoctonceller.com\/#website"},"primaryImageOfPage":{"@id":"https:\/\/www.autoctonceller.com\/en\/wines\/autocton-white\/#primaryimage"},"image":{"@id":"https:\/\/www.autoctonceller.com\/en\/wines\/autocton-white\/#primaryimage"},"thumbnailUrl":"https:\/\/www.autoctonceller.com\/wp-content\/uploads\/2020\/04\/fletxa-1.png","datePublished":"2019-08-23T18:37:32+00:00","dateModified":"2025-02-21T11:41:23+00:00","description":"Aut\u00f2cton Blanc \u00e9s un dels vins que es produeix a Aut\u00f2cton Celler amb les vinyes velles properes a la masia totes provinents de les comarques tarragonines","breadcrumb":{"@id":"https:\/\/www.autoctonceller.com\/en\/wines\/autocton-white\/#breadcrumb"},"inLanguage":"en-US","potentialAction":[{"@type":"ReadAction","target":["https:\/\/www.autoctonceller.com\/en\/wines\/autocton-white\/"]}]},{"@type":"ImageObject","inLanguage":"en-US","@id":"https:\/\/www.autoctonceller.com\/en\/wines\/autocton-white\/#primaryimage","url":"https:\/\/www.autoctonceller.com\/wp-content\/uploads\/2020\/04\/fletxa-1.png","contentUrl":"https:\/\/www.autoctonceller.com\/wp-content\/uploads\/2020\/04\/fletxa-1.png"},{"@type":"BreadcrumbList","@id":"https:\/\/www.autoctonceller.com\/en\/wines\/autocton-white\/#breadcrumb","itemListElement":[{"@type":"ListItem","position":1,"name":"Portada","item":"https:\/\/www.autoctonceller.com\/en\/"},{"@type":"ListItem","position":2,"name":"Wines","item":"https:\/\/www.autoctonceller.com\/en\/wines\/"},{"@type":"ListItem","position":3,"name":"Aut\u00f2cton white"}]},{"@type":"WebSite","@id":"https:\/\/www.autoctonceller.com\/#website","url":"https:\/\/www.autoctonceller.com\/","name":"Aut\u00f2cton Celler","description":"El retorn","publisher":{"@id":"https:\/\/www.autoctonceller.com\/#organization"},"potentialAction":[{"@type":"SearchAction","target":{"@type":"EntryPoint","urlTemplate":"https:\/\/www.autoctonceller.com\/?s={search_term_string}"},"query-input":{"@type":"PropertyValueSpecification","valueRequired":true,"valueName":"search_term_string"}}],"inLanguage":"en-US"},{"@type":"Organization","@id":"https:\/\/www.autoctonceller.com\/#organization","name":"Aut\u00f2cton Celler","url":"https:\/\/www.autoctonceller.com\/","logo":{"@type":"ImageObject","inLanguage":"en-US","@id":"https:\/\/www.autoctonceller.com\/#\/schema\/logo\/image\/","url":"https:\/\/www.autoctonceller.com\/wp-content\/uploads\/2019\/08\/autocton.png","contentUrl":"https:\/\/www.autoctonceller.com\/wp-content\/uploads\/2019\/08\/autocton.png","width":137,"height":73,"caption":"Aut\u00f2cton Celler"},"image":{"@id":"https:\/\/www.autoctonceller.com\/#\/schema\/logo\/image\/"}}]}},"_links":{"self":[{"href":"https:\/\/www.autoctonceller.com\/en\/wp-json\/wp\/v2\/pages\/5101","targetHints":{"allow":["GET"]}}],"collection":[{"href":"https:\/\/www.autoctonceller.com\/en\/wp-json\/wp\/v2\/pages"}],"about":[{"href":"https:\/\/www.autoctonceller.com\/en\/wp-json\/wp\/v2\/types\/page"}],"author":[{"embeddable":true,"href":"https:\/\/www.autoctonceller.com\/en\/wp-json\/wp\/v2\/users\/2"}],"replies":[{"embeddable":true,"href":"https:\/\/www.autoctonceller.com\/en\/wp-json\/wp\/v2\/comments?post=5101"}],"version-history":[{"count":19,"href":"https:\/\/www.autoctonceller.com\/en\/wp-json\/wp\/v2\/pages\/5101\/revisions"}],"predecessor-version":[{"id":6574,"href":"https:\/\/www.autoctonceller.com\/en\/wp-json\/wp\/v2\/pages\/5101\/revisions\/6574"}],"up":[{"embeddable":true,"href":"https:\/\/www.autoctonceller.com\/en\/wp-json\/wp\/v2\/pages\/5102"}],"wp:attachment":[{"href":"https:\/\/www.autoctonceller.com\/en\/wp-json\/wp\/v2\/media?parent=5101"}],"curies":[{"name":"wp","href":"https:\/\/api.w.org\/{rel}","templated":true}]}}